{"id":341,"date":"2021-09-29T09:26:42","date_gmt":"2021-09-29T09:26:42","guid":{"rendered":"https:\/\/kristancic.eu\/pavo\/"},"modified":"2023-09-25T09:42:23","modified_gmt":"2023-09-25T09:42:23","slug":"pavo","status":"publish","type":"page","link":"https:\/\/kristancic.com\/it\/pavo\/","title":{"rendered":"Pav\u00f3"},"content":{"rendered":"","protected":false},"excerpt":{"rendered":"","protected":false},"author":1,"featured_media":0,"parent":0,"menu_order":0,"comment_status":"closed","ping_status":"closed","template":"","meta":{"inline_featured_image":false,"footnotes":""},"class_list":["post-341","page","type-page","status-publish","hentry"],"yoast_head":"<!-- This site is optimized with the Yoast SEO plugin v26.3 - https:\/\/yoast.com\/wordpress\/plugins\/seo\/ -->\n<title>Pav\u00f3 - Cantina Kristan\u010di\u010d Pav\u00f3 - Medana, Brda (Collio Sloveno), Slovenia<\/title>\n<meta name=\"description\" content=\"Vina linije Pav\u00f3 so pridelana iz skrbno izbranega grozdja najstarej\u0161ih \u200bvinogradov, kar predstavlja ve\u010d kot odli\u010dno izhodi\u0161\u010de za vrhunska vina.\" \/>\n<meta name=\"robots\" content=\"index, follow, max-snippet:-1, max-image-preview:large, max-video-preview:-1\" \/>\n<link rel=\"canonical\" href=\"https:\/\/kristancic.com\/it\/pavo\/\" \/>\n<meta property=\"og:locale\" content=\"it_IT\" \/>\n<meta property=\"og:type\" content=\"article\" \/>\n<meta property=\"og:title\" content=\"Pav\u00f3 - Cantina Kristan\u010di\u010d Pav\u00f3 - Medana, Brda (Collio Sloveno), Slovenia\" \/>\n<meta property=\"og:description\" content=\"Vina linije Pav\u00f3 so pridelana iz skrbno izbranega grozdja najstarej\u0161ih \u200bvinogradov, kar predstavlja ve\u010d kot odli\u010dno izhodi\u0161\u010de za vrhunska vina.\" \/>\n<meta property=\"og:url\" content=\"https:\/\/kristancic.com\/it\/pavo\/\" \/>\n<meta property=\"og:site_name\" content=\"Cantina Kristan\u010di\u010d Pav\u00f3 - Medana, Brda (Collio Sloveno), Slovenia\" \/>\n<meta property=\"article:publisher\" content=\"https:\/\/www.facebook.com\/vinakristancic\" \/>\n<meta property=\"article:modified_time\" content=\"2023-09-25T09:42:23+00:00\" \/>\n<meta name=\"twitter:card\" content=\"summary_large_image\" \/>\n<script type=\"application\/ld+json\" class=\"yoast-schema-graph\">{\"@context\":\"https:\/\/schema.org\",\"@graph\":[{\"@type\":\"WebPage\",\"@id\":\"https:\/\/kristancic.com\/it\/pavo\/\",\"url\":\"https:\/\/kristancic.com\/it\/pavo\/\",\"name\":\"Pav\u00f3 - Cantina Kristan\u010di\u010d Pav\u00f3 - Medana, Brda (Collio Sloveno), Slovenia\",\"isPartOf\":{\"@id\":\"https:\/\/kristancic.com\/it\/#website\"},\"datePublished\":\"2021-09-29T09:26:42+00:00\",\"dateModified\":\"2023-09-25T09:42:23+00:00\",\"description\":\"Vina linije Pav\u00f3 so pridelana iz skrbno izbranega grozdja najstarej\u0161ih \u200bvinogradov, kar predstavlja ve\u010d kot odli\u010dno izhodi\u0161\u010de za vrhunska vina.\",\"breadcrumb\":{\"@id\":\"https:\/\/kristancic.com\/it\/pavo\/#breadcrumb\"},\"inLanguage\":\"it-IT\",\"potentialAction\":[{\"@type\":\"ReadAction\",\"target\":[\"https:\/\/kristancic.com\/it\/pavo\/\"]}]},{\"@type\":\"BreadcrumbList\",\"@id\":\"https:\/\/kristancic.com\/it\/pavo\/#breadcrumb\",\"itemListElement\":[{\"@type\":\"ListItem\",\"position\":1,\"name\":\"Home\",\"item\":\"https:\/\/kristancic.com\/it\/\"},{\"@type\":\"ListItem\",\"position\":2,\"name\":\"Pav\u00f3\"}]},{\"@type\":\"WebSite\",\"@id\":\"https:\/\/kristancic.com\/it\/#website\",\"url\":\"https:\/\/kristancic.com\/it\/\",\"name\":\"Vina Kristan\u010di\u010d Pav\u00f3 iz Medane - Du\u0161an in Marko\",\"description\":\"Du\u0161an in Marko Kristan\u010di\u010d\",\"publisher\":{\"@id\":\"https:\/\/kristancic.com\/it\/#organization\"},\"potentialAction\":[{\"@type\":\"SearchAction\",\"target\":{\"@type\":\"EntryPoint\",\"urlTemplate\":\"https:\/\/kristancic.com\/it\/?s={search_term_string}\"},\"query-input\":{\"@type\":\"PropertyValueSpecification\",\"valueRequired\":true,\"valueName\":\"search_term_string\"}}],\"inLanguage\":\"it-IT\"},{\"@type\":\"Organization\",\"@id\":\"https:\/\/kristancic.com\/it\/#organization\",\"name\":\"Vina Kristan\u010di\u010d Pav\u00f3 iz Medane - Du\u0161an in Marko\",\"url\":\"https:\/\/kristancic.com\/it\/\",\"logo\":{\"@type\":\"ImageObject\",\"inLanguage\":\"it-IT\",\"@id\":\"https:\/\/kristancic.com\/it\/#\/schema\/logo\/image\/\",\"url\":\"https:\/\/kristancic.com\/wp-content\/uploads\/2023\/09\/302796957_587486566499387_4836540971935305593_n.jpeg\",\"contentUrl\":\"https:\/\/kristancic.com\/wp-content\/uploads\/2023\/09\/302796957_587486566499387_4836540971935305593_n.jpeg\",\"width\":2048,\"height\":2048,\"caption\":\"Vina Kristan\u010di\u010d Pav\u00f3 iz Medane - Du\u0161an in Marko\"},\"image\":{\"@id\":\"https:\/\/kristancic.com\/it\/#\/schema\/logo\/image\/\"},\"sameAs\":[\"https:\/\/www.facebook.com\/vinakristancic\"]}]}<\/script>\n<!-- \/ Yoast SEO plugin. -->","yoast_head_json":{"title":"Pav\u00f3 - Cantina Kristan\u010di\u010d Pav\u00f3 - Medana, Brda (Collio Sloveno), Slovenia","description":"Vina linije Pav\u00f3 so pridelana iz skrbno izbranega grozdja najstarej\u0161ih \u200bvinogradov, kar predstavlja ve\u010d kot odli\u010dno izhodi\u0161\u010de za vrhunska vina.","robots":{"index":"index","follow":"follow","max-snippet":"max-snippet:-1","max-image-preview":"max-image-preview:large","max-video-preview":"max-video-preview:-1"},"canonical":"https:\/\/kristancic.com\/it\/pavo\/","og_locale":"it_IT","og_type":"article","og_title":"Pav\u00f3 - Cantina Kristan\u010di\u010d Pav\u00f3 - Medana, Brda (Collio Sloveno), Slovenia","og_description":"Vina linije Pav\u00f3 so pridelana iz skrbno izbranega grozdja najstarej\u0161ih \u200bvinogradov, kar predstavlja ve\u010d kot odli\u010dno izhodi\u0161\u010de za vrhunska vina.","og_url":"https:\/\/kristancic.com\/it\/pavo\/","og_site_name":"Cantina Kristan\u010di\u010d Pav\u00f3 - Medana, Brda (Collio Sloveno), Slovenia","article_publisher":"https:\/\/www.facebook.com\/vinakristancic","article_modified_time":"2023-09-25T09:42:23+00:00","twitter_card":"summary_large_image","schema":{"@context":"https:\/\/schema.org","@graph":[{"@type":"WebPage","@id":"https:\/\/kristancic.com\/it\/pavo\/","url":"https:\/\/kristancic.com\/it\/pavo\/","name":"Pav\u00f3 - Cantina Kristan\u010di\u010d Pav\u00f3 - Medana, Brda (Collio Sloveno), Slovenia","isPartOf":{"@id":"https:\/\/kristancic.com\/it\/#website"},"datePublished":"2021-09-29T09:26:42+00:00","dateModified":"2023-09-25T09:42:23+00:00","description":"Vina linije Pav\u00f3 so pridelana iz skrbno izbranega grozdja najstarej\u0161ih \u200bvinogradov, kar predstavlja ve\u010d kot odli\u010dno izhodi\u0161\u010de za vrhunska vina.","breadcrumb":{"@id":"https:\/\/kristancic.com\/it\/pavo\/#breadcrumb"},"inLanguage":"it-IT","potentialAction":[{"@type":"ReadAction","target":["https:\/\/kristancic.com\/it\/pavo\/"]}]},{"@type":"BreadcrumbList","@id":"https:\/\/kristancic.com\/it\/pavo\/#breadcrumb","itemListElement":[{"@type":"ListItem","position":1,"name":"Home","item":"https:\/\/kristancic.com\/it\/"},{"@type":"ListItem","position":2,"name":"Pav\u00f3"}]},{"@type":"WebSite","@id":"https:\/\/kristancic.com\/it\/#website","url":"https:\/\/kristancic.com\/it\/","name":"Vina Kristan\u010di\u010d Pav\u00f3 iz Medane - Du\u0161an in Marko","description":"Du\u0161an in Marko Kristan\u010di\u010d","publisher":{"@id":"https:\/\/kristancic.com\/it\/#organization"},"potentialAction":[{"@type":"SearchAction","target":{"@type":"EntryPoint","urlTemplate":"https:\/\/kristancic.com\/it\/?s={search_term_string}"},"query-input":{"@type":"PropertyValueSpecification","valueRequired":true,"valueName":"search_term_string"}}],"inLanguage":"it-IT"},{"@type":"Organization","@id":"https:\/\/kristancic.com\/it\/#organization","name":"Vina Kristan\u010di\u010d Pav\u00f3 iz Medane - Du\u0161an in Marko","url":"https:\/\/kristancic.com\/it\/","logo":{"@type":"ImageObject","inLanguage":"it-IT","@id":"https:\/\/kristancic.com\/it\/#\/schema\/logo\/image\/","url":"https:\/\/kristancic.com\/wp-content\/uploads\/2023\/09\/302796957_587486566499387_4836540971935305593_n.jpeg","contentUrl":"https:\/\/kristancic.com\/wp-content\/uploads\/2023\/09\/302796957_587486566499387_4836540971935305593_n.jpeg","width":2048,"height":2048,"caption":"Vina Kristan\u010di\u010d Pav\u00f3 iz Medane - Du\u0161an in Marko"},"image":{"@id":"https:\/\/kristancic.com\/it\/#\/schema\/logo\/image\/"},"sameAs":["https:\/\/www.facebook.com\/vinakristancic"]}]}},"_links":{"self":[{"href":"https:\/\/kristancic.com\/it\/wp-json\/wp\/v2\/pages\/341","targetHints":{"allow":["GET"]}}],"collection":[{"href":"https:\/\/kristancic.com\/it\/wp-json\/wp\/v2\/pages"}],"about":[{"href":"https:\/\/kristancic.com\/it\/wp-json\/wp\/v2\/types\/page"}],"author":[{"embeddable":true,"href":"https:\/\/kristancic.com\/it\/wp-json\/wp\/v2\/users\/1"}],"replies":[{"embeddable":true,"href":"https:\/\/kristancic.com\/it\/wp-json\/wp\/v2\/comments?post=341"}],"version-history":[{"count":1,"href":"https:\/\/kristancic.com\/it\/wp-json\/wp\/v2\/pages\/341\/revisions"}],"predecessor-version":[{"id":377,"href":"https:\/\/kristancic.com\/it\/wp-json\/wp\/v2\/pages\/341\/revisions\/377"}],"wp:attachment":[{"href":"https:\/\/kristancic.com\/it\/wp-json\/wp\/v2\/media?parent=341"}],"curies":[{"name":"wp","href":"https:\/\/api.w.org\/{rel}","templated":true}]}}