{"id":330,"date":"2021-09-30T08:37:42","date_gmt":"2021-09-30T08:37:42","guid":{"rendered":"https:\/\/kristancic.eu\/nakup\/"},"modified":"2023-04-13T10:33:29","modified_gmt":"2023-04-13T10:33:29","slug":"purchase","status":"publish","type":"page","link":"https:\/\/kristancic.com\/en\/purchase\/","title":{"rendered":"Purchase"},"content":{"rendered":"","protected":false},"excerpt":{"rendered":"","protected":false},"author":1,"featured_media":0,"parent":0,"menu_order":0,"comment_status":"closed","ping_status":"closed","template":"","meta":{"inline_featured_image":false,"footnotes":""},"class_list":["post-330","page","type-page","status-publish","hentry"],"yoast_head":"<!-- This site is optimized with the Yoast SEO plugin v26.3 - https:\/\/yoast.com\/wordpress\/plugins\/seo\/ -->\n<title>Purchase - Wine Cellar Kristan\u010di\u010d Pav\u00f3 - Medana, Brda, Slovenia<\/title>\n<meta name=\"robots\" content=\"index, follow, max-snippet:-1, max-image-preview:large, max-video-preview:-1\" \/>\n<link rel=\"canonical\" href=\"https:\/\/kristancic.com\/en\/purchase\/\" \/>\n<meta property=\"og:locale\" content=\"en_US\" \/>\n<meta property=\"og:type\" content=\"article\" \/>\n<meta property=\"og:title\" content=\"Purchase - Wine Cellar Kristan\u010di\u010d Pav\u00f3 - Medana, Brda, Slovenia\" \/>\n<meta property=\"og:url\" content=\"https:\/\/kristancic.com\/en\/purchase\/\" \/>\n<meta property=\"og:site_name\" content=\"Wine Cellar Kristan\u010di\u010d Pav\u00f3 - Medana, Brda, Slovenia\" \/>\n<meta property=\"article:publisher\" content=\"https:\/\/www.facebook.com\/vinakristancic\" \/>\n<meta property=\"article:modified_time\" content=\"2023-04-13T10:33:29+00:00\" \/>\n<meta name=\"twitter:card\" content=\"summary_large_image\" \/>\n<script type=\"application\/ld+json\" class=\"yoast-schema-graph\">{\"@context\":\"https:\/\/schema.org\",\"@graph\":[{\"@type\":\"WebPage\",\"@id\":\"https:\/\/kristancic.com\/en\/purchase\/\",\"url\":\"https:\/\/kristancic.com\/en\/purchase\/\",\"name\":\"Purchase - Wine Cellar Kristan\u010di\u010d Pav\u00f3 - Medana, Brda, Slovenia\",\"isPartOf\":{\"@id\":\"https:\/\/kristancic.com\/en\/#website\"},\"datePublished\":\"2021-09-30T08:37:42+00:00\",\"dateModified\":\"2023-04-13T10:33:29+00:00\",\"breadcrumb\":{\"@id\":\"https:\/\/kristancic.com\/en\/purchase\/#breadcrumb\"},\"inLanguage\":\"en-US\",\"potentialAction\":[{\"@type\":\"ReadAction\",\"target\":[\"https:\/\/kristancic.com\/en\/purchase\/\"]}]},{\"@type\":\"BreadcrumbList\",\"@id\":\"https:\/\/kristancic.com\/en\/purchase\/#breadcrumb\",\"itemListElement\":[{\"@type\":\"ListItem\",\"position\":1,\"name\":\"Home\",\"item\":\"https:\/\/kristancic.com\/en\/\"},{\"@type\":\"ListItem\",\"position\":2,\"name\":\"Purchase\"}]},{\"@type\":\"WebSite\",\"@id\":\"https:\/\/kristancic.com\/en\/#website\",\"url\":\"https:\/\/kristancic.com\/en\/\",\"name\":\"Vina Kristan\u010di\u010d Pav\u00f3 iz Medane - Du\u0161an in Marko\",\"description\":\"Medana, Brda, Slovenia\",\"publisher\":{\"@id\":\"https:\/\/kristancic.com\/en\/#organization\"},\"potentialAction\":[{\"@type\":\"SearchAction\",\"target\":{\"@type\":\"EntryPoint\",\"urlTemplate\":\"https:\/\/kristancic.com\/en\/?s={search_term_string}\"},\"query-input\":{\"@type\":\"PropertyValueSpecification\",\"valueRequired\":true,\"valueName\":\"search_term_string\"}}],\"inLanguage\":\"en-US\"},{\"@type\":\"Organization\",\"@id\":\"https:\/\/kristancic.com\/en\/#organization\",\"name\":\"Vina Kristan\u010di\u010d Pav\u00f3 iz Medane - Du\u0161an in Marko\",\"url\":\"https:\/\/kristancic.com\/en\/\",\"logo\":{\"@type\":\"ImageObject\",\"inLanguage\":\"en-US\",\"@id\":\"https:\/\/kristancic.com\/en\/#\/schema\/logo\/image\/\",\"url\":\"https:\/\/kristancic.com\/wp-content\/uploads\/2023\/09\/302796957_587486566499387_4836540971935305593_n.jpeg\",\"contentUrl\":\"https:\/\/kristancic.com\/wp-content\/uploads\/2023\/09\/302796957_587486566499387_4836540971935305593_n.jpeg\",\"width\":2048,\"height\":2048,\"caption\":\"Vina Kristan\u010di\u010d Pav\u00f3 iz Medane - Du\u0161an in Marko\"},\"image\":{\"@id\":\"https:\/\/kristancic.com\/en\/#\/schema\/logo\/image\/\"},\"sameAs\":[\"https:\/\/www.facebook.com\/vinakristancic\"]}]}<\/script>\n<!-- \/ Yoast SEO plugin. -->","yoast_head_json":{"title":"Purchase - Wine Cellar Kristan\u010di\u010d Pav\u00f3 - Medana, Brda, Slovenia","robots":{"index":"index","follow":"follow","max-snippet":"max-snippet:-1","max-image-preview":"max-image-preview:large","max-video-preview":"max-video-preview:-1"},"canonical":"https:\/\/kristancic.com\/en\/purchase\/","og_locale":"en_US","og_type":"article","og_title":"Purchase - Wine Cellar Kristan\u010di\u010d Pav\u00f3 - Medana, Brda, Slovenia","og_url":"https:\/\/kristancic.com\/en\/purchase\/","og_site_name":"Wine Cellar Kristan\u010di\u010d Pav\u00f3 - Medana, Brda, Slovenia","article_publisher":"https:\/\/www.facebook.com\/vinakristancic","article_modified_time":"2023-04-13T10:33:29+00:00","twitter_card":"summary_large_image","schema":{"@context":"https:\/\/schema.org","@graph":[{"@type":"WebPage","@id":"https:\/\/kristancic.com\/en\/purchase\/","url":"https:\/\/kristancic.com\/en\/purchase\/","name":"Purchase - Wine Cellar Kristan\u010di\u010d Pav\u00f3 - Medana, Brda, Slovenia","isPartOf":{"@id":"https:\/\/kristancic.com\/en\/#website"},"datePublished":"2021-09-30T08:37:42+00:00","dateModified":"2023-04-13T10:33:29+00:00","breadcrumb":{"@id":"https:\/\/kristancic.com\/en\/purchase\/#breadcrumb"},"inLanguage":"en-US","potentialAction":[{"@type":"ReadAction","target":["https:\/\/kristancic.com\/en\/purchase\/"]}]},{"@type":"BreadcrumbList","@id":"https:\/\/kristancic.com\/en\/purchase\/#breadcrumb","itemListElement":[{"@type":"ListItem","position":1,"name":"Home","item":"https:\/\/kristancic.com\/en\/"},{"@type":"ListItem","position":2,"name":"Purchase"}]},{"@type":"WebSite","@id":"https:\/\/kristancic.com\/en\/#website","url":"https:\/\/kristancic.com\/en\/","name":"Vina Kristan\u010di\u010d Pav\u00f3 iz Medane - Du\u0161an in Marko","description":"Medana, Brda, Slovenia","publisher":{"@id":"https:\/\/kristancic.com\/en\/#organization"},"potentialAction":[{"@type":"SearchAction","target":{"@type":"EntryPoint","urlTemplate":"https:\/\/kristancic.com\/en\/?s={search_term_string}"},"query-input":{"@type":"PropertyValueSpecification","valueRequired":true,"valueName":"search_term_string"}}],"inLanguage":"en-US"},{"@type":"Organization","@id":"https:\/\/kristancic.com\/en\/#organization","name":"Vina Kristan\u010di\u010d Pav\u00f3 iz Medane - Du\u0161an in Marko","url":"https:\/\/kristancic.com\/en\/","logo":{"@type":"ImageObject","inLanguage":"en-US","@id":"https:\/\/kristancic.com\/en\/#\/schema\/logo\/image\/","url":"https:\/\/kristancic.com\/wp-content\/uploads\/2023\/09\/302796957_587486566499387_4836540971935305593_n.jpeg","contentUrl":"https:\/\/kristancic.com\/wp-content\/uploads\/2023\/09\/302796957_587486566499387_4836540971935305593_n.jpeg","width":2048,"height":2048,"caption":"Vina Kristan\u010di\u010d Pav\u00f3 iz Medane - Du\u0161an in Marko"},"image":{"@id":"https:\/\/kristancic.com\/en\/#\/schema\/logo\/image\/"},"sameAs":["https:\/\/www.facebook.com\/vinakristancic"]}]}},"_links":{"self":[{"href":"https:\/\/kristancic.com\/en\/wp-json\/wp\/v2\/pages\/330","targetHints":{"allow":["GET"]}}],"collection":[{"href":"https:\/\/kristancic.com\/en\/wp-json\/wp\/v2\/pages"}],"about":[{"href":"https:\/\/kristancic.com\/en\/wp-json\/wp\/v2\/types\/page"}],"author":[{"embeddable":true,"href":"https:\/\/kristancic.com\/en\/wp-json\/wp\/v2\/users\/1"}],"replies":[{"embeddable":true,"href":"https:\/\/kristancic.com\/en\/wp-json\/wp\/v2\/comments?post=330"}],"version-history":[{"count":1,"href":"https:\/\/kristancic.com\/en\/wp-json\/wp\/v2\/pages\/330\/revisions"}],"predecessor-version":[{"id":359,"href":"https:\/\/kristancic.com\/en\/wp-json\/wp\/v2\/pages\/330\/revisions\/359"}],"wp:attachment":[{"href":"https:\/\/kristancic.com\/en\/wp-json\/wp\/v2\/media?parent=330"}],"curies":[{"name":"wp","href":"https:\/\/api.w.org\/{rel}","templated":true}]}}