{"id":321,"date":"2021-09-30T09:12:18","date_gmt":"2021-09-30T09:12:18","guid":{"rendered":"https:\/\/kristancic.eu\/vinoteka\/"},"modified":"2023-04-13T10:33:54","modified_gmt":"2023-04-13T10:33:54","slug":"the-winery","status":"publish","type":"page","link":"https:\/\/kristancic.com\/en\/the-winery\/","title":{"rendered":"The winery"},"content":{"rendered":"","protected":false},"excerpt":{"rendered":"","protected":false},"author":1,"featured_media":0,"parent":0,"menu_order":0,"comment_status":"closed","ping_status":"closed","template":"","meta":{"inline_featured_image":false,"footnotes":""},"class_list":["post-321","page","type-page","status-publish","hentry"],"yoast_head":"<!-- This site is optimized with the Yoast SEO plugin v26.3 - https:\/\/yoast.com\/wordpress\/plugins\/seo\/ -->\n<title>The winery - Wine Cellar Kristan\u010di\u010d Pav\u00f3 - Medana, Brda, Slovenia<\/title>\n<meta name=\"description\" content=\"The winery is located in the center of Medana. Our tasting room and wine shop are linked directly to wine cellar. We are happy to listen to your wishes and make the best wine experience for you.\" \/>\n<meta name=\"robots\" content=\"index, follow, max-snippet:-1, max-image-preview:large, max-video-preview:-1\" \/>\n<link rel=\"canonical\" href=\"https:\/\/kristancic.com\/en\/the-winery\/\" \/>\n<meta property=\"og:locale\" content=\"en_US\" \/>\n<meta property=\"og:type\" content=\"article\" \/>\n<meta property=\"og:title\" content=\"The winery - Wine Cellar Kristan\u010di\u010d Pav\u00f3 - Medana, Brda, Slovenia\" \/>\n<meta property=\"og:description\" content=\"The winery is located in the center of Medana. Our tasting room and wine shop are linked directly to wine cellar. We are happy to listen to your wishes and make the best wine experience for you.\" \/>\n<meta property=\"og:url\" content=\"https:\/\/kristancic.com\/en\/the-winery\/\" \/>\n<meta property=\"og:site_name\" content=\"Wine Cellar Kristan\u010di\u010d Pav\u00f3 - Medana, Brda, Slovenia\" \/>\n<meta property=\"article:publisher\" content=\"https:\/\/www.facebook.com\/vinakristancic\" \/>\n<meta property=\"article:modified_time\" content=\"2023-04-13T10:33:54+00:00\" \/>\n<meta name=\"twitter:card\" content=\"summary_large_image\" \/>\n<script type=\"application\/ld+json\" class=\"yoast-schema-graph\">{\"@context\":\"https:\/\/schema.org\",\"@graph\":[{\"@type\":\"WebPage\",\"@id\":\"https:\/\/kristancic.com\/en\/the-winery\/\",\"url\":\"https:\/\/kristancic.com\/en\/the-winery\/\",\"name\":\"The winery - Wine Cellar Kristan\u010di\u010d Pav\u00f3 - Medana, Brda, Slovenia\",\"isPartOf\":{\"@id\":\"https:\/\/kristancic.com\/en\/#website\"},\"datePublished\":\"2021-09-30T09:12:18+00:00\",\"dateModified\":\"2023-04-13T10:33:54+00:00\",\"description\":\"The winery is located in the center of Medana. Our tasting room and wine shop are linked directly to wine cellar. We are happy to listen to your wishes and make the best wine experience for you.\",\"breadcrumb\":{\"@id\":\"https:\/\/kristancic.com\/en\/the-winery\/#breadcrumb\"},\"inLanguage\":\"en-US\",\"potentialAction\":[{\"@type\":\"ReadAction\",\"target\":[\"https:\/\/kristancic.com\/en\/the-winery\/\"]}]},{\"@type\":\"BreadcrumbList\",\"@id\":\"https:\/\/kristancic.com\/en\/the-winery\/#breadcrumb\",\"itemListElement\":[{\"@type\":\"ListItem\",\"position\":1,\"name\":\"Home\",\"item\":\"https:\/\/kristancic.com\/en\/\"},{\"@type\":\"ListItem\",\"position\":2,\"name\":\"The winery\"}]},{\"@type\":\"WebSite\",\"@id\":\"https:\/\/kristancic.com\/en\/#website\",\"url\":\"https:\/\/kristancic.com\/en\/\",\"name\":\"Vina Kristan\u010di\u010d Pav\u00f3 iz Medane - Du\u0161an in Marko\",\"description\":\"Medana, Brda, Slovenia\",\"publisher\":{\"@id\":\"https:\/\/kristancic.com\/en\/#organization\"},\"potentialAction\":[{\"@type\":\"SearchAction\",\"target\":{\"@type\":\"EntryPoint\",\"urlTemplate\":\"https:\/\/kristancic.com\/en\/?s={search_term_string}\"},\"query-input\":{\"@type\":\"PropertyValueSpecification\",\"valueRequired\":true,\"valueName\":\"search_term_string\"}}],\"inLanguage\":\"en-US\"},{\"@type\":\"Organization\",\"@id\":\"https:\/\/kristancic.com\/en\/#organization\",\"name\":\"Vina Kristan\u010di\u010d Pav\u00f3 iz Medane - Du\u0161an in Marko\",\"url\":\"https:\/\/kristancic.com\/en\/\",\"logo\":{\"@type\":\"ImageObject\",\"inLanguage\":\"en-US\",\"@id\":\"https:\/\/kristancic.com\/en\/#\/schema\/logo\/image\/\",\"url\":\"https:\/\/kristancic.com\/wp-content\/uploads\/2023\/09\/302796957_587486566499387_4836540971935305593_n.jpeg\",\"contentUrl\":\"https:\/\/kristancic.com\/wp-content\/uploads\/2023\/09\/302796957_587486566499387_4836540971935305593_n.jpeg\",\"width\":2048,\"height\":2048,\"caption\":\"Vina Kristan\u010di\u010d Pav\u00f3 iz Medane - Du\u0161an in Marko\"},\"image\":{\"@id\":\"https:\/\/kristancic.com\/en\/#\/schema\/logo\/image\/\"},\"sameAs\":[\"https:\/\/www.facebook.com\/vinakristancic\"]}]}<\/script>\n<!-- \/ Yoast SEO plugin. -->","yoast_head_json":{"title":"The winery - Wine Cellar Kristan\u010di\u010d Pav\u00f3 - Medana, Brda, Slovenia","description":"The winery is located in the center of Medana. Our tasting room and wine shop are linked directly to wine cellar. We are happy to listen to your wishes and make the best wine experience for you.","robots":{"index":"index","follow":"follow","max-snippet":"max-snippet:-1","max-image-preview":"max-image-preview:large","max-video-preview":"max-video-preview:-1"},"canonical":"https:\/\/kristancic.com\/en\/the-winery\/","og_locale":"en_US","og_type":"article","og_title":"The winery - Wine Cellar Kristan\u010di\u010d Pav\u00f3 - Medana, Brda, Slovenia","og_description":"The winery is located in the center of Medana. Our tasting room and wine shop are linked directly to wine cellar. We are happy to listen to your wishes and make the best wine experience for you.","og_url":"https:\/\/kristancic.com\/en\/the-winery\/","og_site_name":"Wine Cellar Kristan\u010di\u010d Pav\u00f3 - Medana, Brda, Slovenia","article_publisher":"https:\/\/www.facebook.com\/vinakristancic","article_modified_time":"2023-04-13T10:33:54+00:00","twitter_card":"summary_large_image","schema":{"@context":"https:\/\/schema.org","@graph":[{"@type":"WebPage","@id":"https:\/\/kristancic.com\/en\/the-winery\/","url":"https:\/\/kristancic.com\/en\/the-winery\/","name":"The winery - Wine Cellar Kristan\u010di\u010d Pav\u00f3 - Medana, Brda, Slovenia","isPartOf":{"@id":"https:\/\/kristancic.com\/en\/#website"},"datePublished":"2021-09-30T09:12:18+00:00","dateModified":"2023-04-13T10:33:54+00:00","description":"The winery is located in the center of Medana. Our tasting room and wine shop are linked directly to wine cellar. We are happy to listen to your wishes and make the best wine experience for you.","breadcrumb":{"@id":"https:\/\/kristancic.com\/en\/the-winery\/#breadcrumb"},"inLanguage":"en-US","potentialAction":[{"@type":"ReadAction","target":["https:\/\/kristancic.com\/en\/the-winery\/"]}]},{"@type":"BreadcrumbList","@id":"https:\/\/kristancic.com\/en\/the-winery\/#breadcrumb","itemListElement":[{"@type":"ListItem","position":1,"name":"Home","item":"https:\/\/kristancic.com\/en\/"},{"@type":"ListItem","position":2,"name":"The winery"}]},{"@type":"WebSite","@id":"https:\/\/kristancic.com\/en\/#website","url":"https:\/\/kristancic.com\/en\/","name":"Vina Kristan\u010di\u010d Pav\u00f3 iz Medane - Du\u0161an in Marko","description":"Medana, Brda, Slovenia","publisher":{"@id":"https:\/\/kristancic.com\/en\/#organization"},"potentialAction":[{"@type":"SearchAction","target":{"@type":"EntryPoint","urlTemplate":"https:\/\/kristancic.com\/en\/?s={search_term_string}"},"query-input":{"@type":"PropertyValueSpecification","valueRequired":true,"valueName":"search_term_string"}}],"inLanguage":"en-US"},{"@type":"Organization","@id":"https:\/\/kristancic.com\/en\/#organization","name":"Vina Kristan\u010di\u010d Pav\u00f3 iz Medane - Du\u0161an in Marko","url":"https:\/\/kristancic.com\/en\/","logo":{"@type":"ImageObject","inLanguage":"en-US","@id":"https:\/\/kristancic.com\/en\/#\/schema\/logo\/image\/","url":"https:\/\/kristancic.com\/wp-content\/uploads\/2023\/09\/302796957_587486566499387_4836540971935305593_n.jpeg","contentUrl":"https:\/\/kristancic.com\/wp-content\/uploads\/2023\/09\/302796957_587486566499387_4836540971935305593_n.jpeg","width":2048,"height":2048,"caption":"Vina Kristan\u010di\u010d Pav\u00f3 iz Medane - Du\u0161an in Marko"},"image":{"@id":"https:\/\/kristancic.com\/en\/#\/schema\/logo\/image\/"},"sameAs":["https:\/\/www.facebook.com\/vinakristancic"]}]}},"_links":{"self":[{"href":"https:\/\/kristancic.com\/en\/wp-json\/wp\/v2\/pages\/321","targetHints":{"allow":["GET"]}}],"collection":[{"href":"https:\/\/kristancic.com\/en\/wp-json\/wp\/v2\/pages"}],"about":[{"href":"https:\/\/kristancic.com\/en\/wp-json\/wp\/v2\/types\/page"}],"author":[{"embeddable":true,"href":"https:\/\/kristancic.com\/en\/wp-json\/wp\/v2\/users\/1"}],"replies":[{"embeddable":true,"href":"https:\/\/kristancic.com\/en\/wp-json\/wp\/v2\/comments?post=321"}],"version-history":[{"count":2,"href":"https:\/\/kristancic.com\/en\/wp-json\/wp\/v2\/pages\/321\/revisions"}],"predecessor-version":[{"id":365,"href":"https:\/\/kristancic.com\/en\/wp-json\/wp\/v2\/pages\/321\/revisions\/365"}],"wp:attachment":[{"href":"https:\/\/kristancic.com\/en\/wp-json\/wp\/v2\/media?parent=321"}],"curies":[{"name":"wp","href":"https:\/\/api.w.org\/{rel}","templated":true}]}}